{"id":2,"date":"2011-06-08T11:08:35","date_gmt":"2011-06-08T09:08:35","guid":{"rendered":"https:\/\/www.ozono21.com\/blog\/?page_id=2"},"modified":"2022-10-13T13:12:39","modified_gmt":"2022-10-13T11:12:39","slug":"ozono21","status":"publish","type":"page","link":"https:\/\/www.ozono21.com\/blog\/ozono21\/","title":{"rendered":"CONOCE Ozono21"},"content":{"rendered":"<p>En <a href=\"https:\/\/www.ozono21.com\/\"><strong>Ozono21<\/strong><\/a> somos una empresa encargada de ofrecer la <strong>venta, instalaci\u00f3n y mantenimiento de generadores de ozono<\/strong>.<\/p>\n<p>Una compa\u00f1\u00eda <strong>especializada en soluciones de ozonizaci\u00f3n,<\/strong> las cu\u00e1les mejorar\u00e1n tu calidad de vida y cuidar\u00e1n de tu salud.<\/p>\n<p>Con una experiencia de m\u00e1s de 10 a\u00f1os en el mundo de la  ozonizaci\u00f3n podemos considerarnos grandes expertos gracias a la  colaboraci\u00f3n con las mejores empresas del sector.<\/p>\n<p>Tu soluci\u00f3n ideal:<\/p>\n<ul>\n<li>Soluciones dom\u00e9sticas<\/li>\n<li>Soluciones empresariales<\/li>\n<li>Soluciones industriales<\/li>\n<\/ul>\n<p style=\"text-align: center;\"><a href=\"https:\/\/www.ozono21.com\/\"><strong>VISITA NUESTRA WEB<\/strong><\/a><\/p>\n<div class=\"pvc_clear\"><\/div>\n<p id=\"pvc_stats_2\" class=\"pvc_stats total_only  \" data-element-id=\"2\" style=\"\"><i class=\"pvc-stats-icon small\" aria-hidden=\"true\"><svg aria-hidden=\"true\" focusable=\"false\" data-prefix=\"far\" data-icon=\"chart-bar\" role=\"img\" xmlns=\"http:\/\/www.w3.org\/2000\/svg\" viewBox=\"0 0 512 512\" class=\"svg-inline--fa fa-chart-bar fa-w-16 fa-2x\"><path fill=\"currentColor\" d=\"M396.8 352h22.4c6.4 0 12.8-6.4 12.8-12.8V108.8c0-6.4-6.4-12.8-12.8-12.8h-22.4c-6.4 0-12.8 6.4-12.8 12.8v230.4c0 6.4 6.4 12.8 12.8 12.8zm-192 0h22.4c6.4 0 12.8-6.4 12.8-12.8V140.8c0-6.4-6.4-12.8-12.8-12.8h-22.4c-6.4 0-12.8 6.4-12.8 12.8v198.4c0 6.4 6.4 12.8 12.8 12.8zm96 0h22.4c6.4 0 12.8-6.4 12.8-12.8V204.8c0-6.4-6.4-12.8-12.8-12.8h-22.4c-6.4 0-12.8 6.4-12.8 12.8v134.4c0 6.4 6.4 12.8 12.8 12.8zM496 400H48V80c0-8.84-7.16-16-16-16H16C7.16 64 0 71.16 0 80v336c0 17.67 14.33 32 32 32h464c8.84 0 16-7.16 16-16v-16c0-8.84-7.16-16-16-16zm-387.2-48h22.4c6.4 0 12.8-6.4 12.8-12.8v-70.4c0-6.4-6.4-12.8-12.8-12.8h-22.4c-6.4 0-12.8 6.4-12.8 12.8v70.4c0 6.4 6.4 12.8 12.8 12.8z\" class=\"\"><\/path><\/svg><\/i> <img loading=\"lazy\" decoding=\"async\" width=\"16\" height=\"16\" alt=\"Loading\" src=\"https:\/\/www.ozono21.com\/blog\/wp-content\/plugins\/page-views-count\/ajax-loader-2x.gif\" border=0 \/><\/p>\n<div class=\"pvc_clear\"><\/div>\n","protected":false},"excerpt":{"rendered":"<p>En Ozono21 somos una empresa encargada de ofrecer la venta, instalaci\u00f3n y mantenimiento de generadores de ozono. Una compa\u00f1\u00eda especializada en soluciones de ozonizaci\u00f3n, las cu\u00e1les mejorar\u00e1n tu calidad de vida y cuidar\u00e1n de tu salud. Con una experiencia de &hellip; <a href=\"https:\/\/www.ozono21.com\/blog\/ozono21\/\">Sigue leyendo <span class=\"meta-nav\">&rarr;<\/span><\/a><\/p>\n<div class=\"pvc_clear\"><\/div>\n<p id=\"pvc_stats_2\" class=\"pvc_stats total_only  \" data-element-id=\"2\" style=\"\"><i class=\"pvc-stats-icon small\" aria-hidden=\"true\"><svg aria-hidden=\"true\" focusable=\"false\" data-prefix=\"far\" data-icon=\"chart-bar\" role=\"img\" xmlns=\"http:\/\/www.w3.org\/2000\/svg\" viewBox=\"0 0 512 512\" class=\"svg-inline--fa fa-chart-bar fa-w-16 fa-2x\"><path fill=\"currentColor\" d=\"M396.8 352h22.4c6.4 0 12.8-6.4 12.8-12.8V108.8c0-6.4-6.4-12.8-12.8-12.8h-22.4c-6.4 0-12.8 6.4-12.8 12.8v230.4c0 6.4 6.4 12.8 12.8 12.8zm-192 0h22.4c6.4 0 12.8-6.4 12.8-12.8V140.8c0-6.4-6.4-12.8-12.8-12.8h-22.4c-6.4 0-12.8 6.4-12.8 12.8v198.4c0 6.4 6.4 12.8 12.8 12.8zm96 0h22.4c6.4 0 12.8-6.4 12.8-12.8V204.8c0-6.4-6.4-12.8-12.8-12.8h-22.4c-6.4 0-12.8 6.4-12.8 12.8v134.4c0 6.4 6.4 12.8 12.8 12.8zM496 400H48V80c0-8.84-7.16-16-16-16H16C7.16 64 0 71.16 0 80v336c0 17.67 14.33 32 32 32h464c8.84 0 16-7.16 16-16v-16c0-8.84-7.16-16-16-16zm-387.2-48h22.4c6.4 0 12.8-6.4 12.8-12.8v-70.4c0-6.4-6.4-12.8-12.8-12.8h-22.4c-6.4 0-12.8 6.4-12.8 12.8v70.4c0 6.4 6.4 12.8 12.8 12.8z\" class=\"\"><\/path><\/svg><\/i> <img loading=\"lazy\" decoding=\"async\" width=\"16\" height=\"16\" alt=\"Loading\" src=\"https:\/\/www.ozono21.com\/blog\/wp-content\/plugins\/page-views-count\/ajax-loader-2x.gif\" border=0 \/><\/p>\n<div class=\"pvc_clear\"><\/div>\n","protected":false},"author":1,"featured_media":0,"parent":0,"menu_order":0,"comment_status":"open","ping_status":"open","template":"","meta":{"_exactmetrics_skip_tracking":false,"_exactmetrics_sitenote_active":false,"_exactmetrics_sitenote_note":"","_exactmetrics_sitenote_category":0,"footnotes":""},"class_list":["post-2","page","type-page","status-publish","hentry"],"a3_pvc":{"activated":true,"total_views":212,"today_views":0},"yoast_head":"<!-- This site is optimized with the Yoast SEO plugin v27.5 - https:\/\/yoast.com\/product\/yoast-seo-wordpress\/ -->\n<title>CONOCE Ozono21<\/title>\n<meta name=\"description\" content=\"Conocer Ozono21 en su web con informaci\u00f3n sobre las grandes virtudes y beneficios por la aplicaci\u00f3n y uso de los generadores de Ozono21\" \/>\n<meta name=\"robots\" content=\"index, follow, max-snippet:-1, max-image-preview:large, max-video-preview:-1\" \/>\n<link rel=\"canonical\" href=\"https:\/\/www.ozono21.com\/blog\/ozono21\/\" \/>\n<meta property=\"og:locale\" content=\"es_ES\" \/>\n<meta property=\"og:type\" content=\"article\" \/>\n<meta property=\"og:title\" content=\"CONOCE Ozono21\" \/>\n<meta property=\"og:description\" content=\"Conocer Ozono21 en su web con informaci\u00f3n sobre las grandes virtudes y beneficios por la aplicaci\u00f3n y uso de los generadores de Ozono21\" \/>\n<meta property=\"og:url\" content=\"https:\/\/www.ozono21.com\/blog\/ozono21\/\" \/>\n<meta property=\"og:site_name\" content=\"- Blog Ozono21\" \/>\n<meta property=\"article:modified_time\" content=\"2022-10-13T11:12:39+00:00\" \/>\n<script type=\"application\/ld+json\" class=\"yoast-schema-graph\">{\"@context\":\"https:\\\/\\\/schema.org\",\"@graph\":[{\"@type\":\"WebPage\",\"@id\":\"https:\\\/\\\/www.ozono21.com\\\/blog\\\/ozono21\\\/\",\"url\":\"https:\\\/\\\/www.ozono21.com\\\/blog\\\/ozono21\\\/\",\"name\":\"CONOCE Ozono21\",\"isPartOf\":{\"@id\":\"https:\\\/\\\/www.ozono21.com\\\/blog\\\/#website\"},\"datePublished\":\"2011-06-08T09:08:35+00:00\",\"dateModified\":\"2022-10-13T11:12:39+00:00\",\"description\":\"Conocer Ozono21 en su web con informaci\u00f3n sobre las grandes virtudes y beneficios por la aplicaci\u00f3n y uso de los generadores de Ozono21\",\"breadcrumb\":{\"@id\":\"https:\\\/\\\/www.ozono21.com\\\/blog\\\/ozono21\\\/#breadcrumb\"},\"inLanguage\":\"es\",\"potentialAction\":[{\"@type\":\"ReadAction\",\"target\":[\"https:\\\/\\\/www.ozono21.com\\\/blog\\\/ozono21\\\/\"]}]},{\"@type\":\"BreadcrumbList\",\"@id\":\"https:\\\/\\\/www.ozono21.com\\\/blog\\\/ozono21\\\/#breadcrumb\",\"itemListElement\":[{\"@type\":\"ListItem\",\"position\":1,\"name\":\"Portada\",\"item\":\"https:\\\/\\\/www.ozono21.com\\\/blog\\\/\"},{\"@type\":\"ListItem\",\"position\":2,\"name\":\"CONOCE Ozono21\"}]},{\"@type\":\"WebSite\",\"@id\":\"https:\\\/\\\/www.ozono21.com\\\/blog\\\/#website\",\"url\":\"https:\\\/\\\/www.ozono21.com\\\/blog\\\/\",\"name\":\"Blog Ozono21\",\"description\":\" - Blog Ozono21\",\"potentialAction\":[{\"@type\":\"SearchAction\",\"target\":{\"@type\":\"EntryPoint\",\"urlTemplate\":\"https:\\\/\\\/www.ozono21.com\\\/blog\\\/?s={search_term_string}\"},\"query-input\":{\"@type\":\"PropertyValueSpecification\",\"valueRequired\":true,\"valueName\":\"search_term_string\"}}],\"inLanguage\":\"es\"}]}<\/script>\n<!-- \/ Yoast SEO plugin. -->","yoast_head_json":{"title":"CONOCE Ozono21","description":"Conocer Ozono21 en su web con informaci\u00f3n sobre las grandes virtudes y beneficios por la aplicaci\u00f3n y uso de los generadores de Ozono21","robots":{"index":"index","follow":"follow","max-snippet":"max-snippet:-1","max-image-preview":"max-image-preview:large","max-video-preview":"max-video-preview:-1"},"canonical":"https:\/\/www.ozono21.com\/blog\/ozono21\/","og_locale":"es_ES","og_type":"article","og_title":"CONOCE Ozono21","og_description":"Conocer Ozono21 en su web con informaci\u00f3n sobre las grandes virtudes y beneficios por la aplicaci\u00f3n y uso de los generadores de Ozono21","og_url":"https:\/\/www.ozono21.com\/blog\/ozono21\/","og_site_name":"- Blog Ozono21","article_modified_time":"2022-10-13T11:12:39+00:00","schema":{"@context":"https:\/\/schema.org","@graph":[{"@type":"WebPage","@id":"https:\/\/www.ozono21.com\/blog\/ozono21\/","url":"https:\/\/www.ozono21.com\/blog\/ozono21\/","name":"CONOCE Ozono21","isPartOf":{"@id":"https:\/\/www.ozono21.com\/blog\/#website"},"datePublished":"2011-06-08T09:08:35+00:00","dateModified":"2022-10-13T11:12:39+00:00","description":"Conocer Ozono21 en su web con informaci\u00f3n sobre las grandes virtudes y beneficios por la aplicaci\u00f3n y uso de los generadores de Ozono21","breadcrumb":{"@id":"https:\/\/www.ozono21.com\/blog\/ozono21\/#breadcrumb"},"inLanguage":"es","potentialAction":[{"@type":"ReadAction","target":["https:\/\/www.ozono21.com\/blog\/ozono21\/"]}]},{"@type":"BreadcrumbList","@id":"https:\/\/www.ozono21.com\/blog\/ozono21\/#breadcrumb","itemListElement":[{"@type":"ListItem","position":1,"name":"Portada","item":"https:\/\/www.ozono21.com\/blog\/"},{"@type":"ListItem","position":2,"name":"CONOCE Ozono21"}]},{"@type":"WebSite","@id":"https:\/\/www.ozono21.com\/blog\/#website","url":"https:\/\/www.ozono21.com\/blog\/","name":"Blog Ozono21","description":" - Blog Ozono21","potentialAction":[{"@type":"SearchAction","target":{"@type":"EntryPoint","urlTemplate":"https:\/\/www.ozono21.com\/blog\/?s={search_term_string}"},"query-input":{"@type":"PropertyValueSpecification","valueRequired":true,"valueName":"search_term_string"}}],"inLanguage":"es"}]}},"jetpack_sharing_enabled":true,"_links":{"self":[{"href":"https:\/\/www.ozono21.com\/blog\/wp-json\/wp\/v2\/pages\/2","targetHints":{"allow":["GET"]}}],"collection":[{"href":"https:\/\/www.ozono21.com\/blog\/wp-json\/wp\/v2\/pages"}],"about":[{"href":"https:\/\/www.ozono21.com\/blog\/wp-json\/wp\/v2\/types\/page"}],"author":[{"embeddable":true,"href":"https:\/\/www.ozono21.com\/blog\/wp-json\/wp\/v2\/users\/1"}],"replies":[{"embeddable":true,"href":"https:\/\/www.ozono21.com\/blog\/wp-json\/wp\/v2\/comments?post=2"}],"version-history":[{"count":0,"href":"https:\/\/www.ozono21.com\/blog\/wp-json\/wp\/v2\/pages\/2\/revisions"}],"wp:attachment":[{"href":"https:\/\/www.ozono21.com\/blog\/wp-json\/wp\/v2\/media?parent=2"}],"curies":[{"name":"wp","href":"https:\/\/api.w.org\/{rel}","templated":true}]}}